{"id":10,"date":"2024-02-06T08:34:55","date_gmt":"2024-02-06T08:34:55","guid":{"rendered":"https:\/\/triprex.egenslab.com\/cart\/"},"modified":"2026-02-24T14:36:15","modified_gmt":"2026-02-24T12:36:15","slug":"cart","status":"publish","type":"page","link":"https:\/\/bosfortours.com\/mk\/cart\/","title":{"rendered":"Shporta"},"content":{"rendered":"<div data-block-name=\"woocommerce\/cart\" class=\"wp-block-woocommerce-cart alignwide is-loading\">\n<div data-block-name=\"woocommerce\/filled-cart-block\" class=\"wp-block-woocommerce-filled-cart-block\">\n<div data-block-name=\"woocommerce\/cart-items-block\" data-trp-content-restriction=\"{&quot;restriction_type&quot;:&quot;include&quot;,&quot;selected_languages&quot;:[&quot;Albanian&quot;,&quot;Macedonian&quot;],&quot;panel_open&quot;:true}\" class=\"wp-block-woocommerce-cart-items-block\">\n<div data-block-name=\"woocommerce\/cart-line-items-block\" class=\"wp-block-woocommerce-cart-line-items-block\"><\/div>\n\n\n\n<div data-block-name=\"woocommerce\/cart-cross-sells-block\" class=\"wp-block-woocommerce-cart-cross-sells-block\">\n<h2 class=\"wp-block-heading has-large-font-size\">You may be interested in\u2026<\/h2>\n\n\n\n<div data-block-name=\"woocommerce\/cart-cross-sells-products-block\" class=\"wp-block-woocommerce-cart-cross-sells-products-block\"><\/div>\n<\/div>\n<\/div>\n\n\n\n<div data-block-name=\"woocommerce\/cart-totals-block\" data-trp-content-restriction=\"{&quot;restriction_type&quot;:&quot;include&quot;,&quot;selected_languages&quot;:[&quot;Albanian&quot;,&quot;Macedonian&quot;],&quot;panel_open&quot;:true}\" class=\"wp-block-woocommerce-cart-totals-block\">\n<div data-block-name=\"woocommerce\/cart-order-summary-block\" class=\"wp-block-woocommerce-cart-order-summary-block\">\n<div data-block-name=\"woocommerce\/cart-order-summary-heading-block\" class=\"wp-block-woocommerce-cart-order-summary-heading-block\"><\/div>\n\n\n\n<div data-block-name=\"woocommerce\/cart-order-summary-coupon-form-block\" data-trp-content-restriction=\"{&quot;restriction_type&quot;:&quot;include&quot;,&quot;selected_languages&quot;:[&quot;Albanian&quot;,&quot;Macedonian&quot;],&quot;panel_open&quot;:true}\" class=\"wp-block-woocommerce-cart-order-summary-coupon-form-block\"><\/div>\n\n\n\n<div data-block-name=\"woocommerce\/cart-order-summary-totals-block\" class=\"wp-block-woocommerce-cart-order-summary-totals-block\">\n<div data-block-name=\"woocommerce\/cart-order-summary-subtotal-block\" class=\"wp-block-woocommerce-cart-order-summary-subtotal-block\"><\/div>\n\n\n\n<div data-block-name=\"woocommerce\/cart-order-summary-fee-block\" class=\"wp-block-woocommerce-cart-order-summary-fee-block\"><\/div>\n\n\n\n<div data-block-name=\"woocommerce\/cart-order-summary-discount-block\" class=\"wp-block-woocommerce-cart-order-summary-discount-block\"><\/div>\n\n\n\n<div data-block-name=\"woocommerce\/cart-order-summary-shipping-block\" class=\"wp-block-woocommerce-cart-order-summary-shipping-block\"><\/div>\n\n\n\n<div data-block-name=\"woocommerce\/cart-order-summary-taxes-block\" class=\"wp-block-woocommerce-cart-order-summary-taxes-block\"><\/div>\n<\/div>\n<\/div>\n\n\n\n<div data-block-name=\"woocommerce\/cart-express-payment-block\" class=\"wp-block-woocommerce-cart-express-payment-block\"><\/div>\n\n\n\n<div data-block-name=\"woocommerce\/proceed-to-checkout-block\" data-trp-content-restriction=\"{&quot;restriction_type&quot;:&quot;include&quot;,&quot;selected_languages&quot;:[&quot;Albanian&quot;,&quot;Macedonian&quot;],&quot;panel_open&quot;:true}\" class=\"wp-block-woocommerce-proceed-to-checkout-block\"><\/div>\n\n\n\n<div data-block-name=\"woocommerce\/cart-accepted-payment-methods-block\" class=\"wp-block-woocommerce-cart-accepted-payment-methods-block\"><\/div>\n<\/div>\n<\/div>\n\n\n\n<div data-block-name=\"woocommerce\/empty-cart-block\" class=\"wp-block-woocommerce-empty-cart-block\">\n<h2 class=\"wp-block-heading has-text-align-center with-empty-cart-icon wc-block-cart__empty-cart__title\">Shporta juaj \u00ebsht\u00eb e zbraz\u00ebt!<\/h2>\n\n\n\n<hr class=\"wp-block-separator has-alpha-channel-opacity is-style-dots\"\/>\n\n\n\n<h2 class=\"wp-block-heading has-text-align-center\">New in store<\/h2>\n\n\n<div data-block-name=\"woocommerce\/product-new\" data-columns=\"4\" data-rows=\"1\" class=\"wc-block-grid wp-block-product-new wp-block-woocommerce-product-new wc-block-product-new has-4-columns\"><ul class=\"wc-block-grid__products\"><li class=\"wc-block-grid__product\">\n\t\t\t\t<a href=\"https:\/\/bosfortours.com\/mk\/product\/vinta-travel-bagpack\/\" class=\"wc-block-grid__product-link\">\n\t\t\t\t\t<div class=\"wc-block-grid__product-onsale\">\n\t\t\t<span aria-hidden=\"true\" data-no-translation=\"\" data-trp-gettext=\"\">\u041a\u0443\u043f\u0438<\/span>\n\t\t\t<span class=\"screen-reader-text\" data-no-translation=\"\" data-trp-gettext=\"\">\u041f\u0440\u043e\u0434\u0443\u043a\u0442 \u043d\u0430 \u043f\u043e\u043f\u0443\u0441\u0442<\/span>\n\t\t<\/div>\n\t\t\t\t\t<div class=\"wc-block-grid__product-image\"><img fetchpriority=\"high\" decoding=\"async\" width=\"300\" height=\"300\" src=\"https:\/\/bosfortours.com\/wp-content\/uploads\/2024\/02\/product-12-300x300.webp\" class=\"attachment-woocommerce_thumbnail size-woocommerce_thumbnail\" alt=\"Vinta travel bagpack\" srcset=\"https:\/\/bosfortours.com\/wp-content\/uploads\/2024\/02\/product-12-300x300.webp 300w, https:\/\/bosfortours.com\/wp-content\/uploads\/2024\/02\/product-12-600x600.webp 600w, https:\/\/bosfortours.com\/wp-content\/uploads\/2024\/02\/product-12-150x150.webp 150w, https:\/\/bosfortours.com\/wp-content\/uploads\/2024\/02\/product-12-768x768.webp 768w, https:\/\/bosfortours.com\/wp-content\/uploads\/2024\/02\/product-12.webp 800w\" sizes=\"(max-width: 300px) 100vw, 300px\" \/><\/div>\n\t\t\t\t\t<div class=\"wc-block-grid__product-title\">Vinta travel bagpack<\/div>\n\t\t\t\t<\/a>\n\t\t\t\t<div class=\"wc-block-grid__product-price price\"><del aria-hidden=\"true\"><span class=\"woocommerce-Price-amount amount\"><span class=\"woocommerce-Price-currencySymbol\">&euro;<\/span>149.00<\/span><\/del> <span class=\"screen-reader-text\" data-no-translation=\"\" data-trp-gettext=\"\">Original price was: &euro;149.00.<\/span><ins aria-hidden=\"true\"><span class=\"woocommerce-Price-amount amount\"><span class=\"woocommerce-Price-currencySymbol\">&euro;<\/span>120.00<\/span><\/ins><span class=\"screen-reader-text\" data-no-translation=\"\" data-trp-gettext=\"\">Current price is: &euro;120.00.<\/span><\/div>\n\t\t\t\t\n\t\t\t\t<div class=\"wp-block-button wc-block-grid__product-add-to-cart\"><a href=\"\/mk\/wp-json\/wp\/v2\/pages\/10?add-to-cart=1163\" aria-label=\"Add to cart: \u201cVinta travel bagpack\u201d\" data-quantity=\"1\" data-product_id=\"1163\" data-product_sku=\"9852594\" data-price=\"120\" rel=\"nofollow\" class=\"wp-block-button__link  add_to_cart_button ajax_add_to_cart\" data-no-translation=\"\" data-trp-gettext=\"\" data-no-translation-aria-label=\"\">\u0414\u043e\u0434\u0430\u0458 \u0432\u043e \u043a\u043e\u0448\u043d\u0438\u0446\u0430<\/a><\/div>\n\t\t\t<\/li><li class=\"wc-block-grid__product\">\n\t\t\t\t<a href=\"https:\/\/bosfortours.com\/mk\/product\/sony-black-headphone\/\" class=\"wc-block-grid__product-link\">\n\t\t\t\t\t<div class=\"wc-block-grid__product-onsale\">\n\t\t\t<span aria-hidden=\"true\" data-no-translation=\"\" data-trp-gettext=\"\">\u041a\u0443\u043f\u0438<\/span>\n\t\t\t<span class=\"screen-reader-text\" data-no-translation=\"\" data-trp-gettext=\"\">\u041f\u0440\u043e\u0434\u0443\u043a\u0442 \u043d\u0430 \u043f\u043e\u043f\u0443\u0441\u0442<\/span>\n\t\t<\/div>\n\t\t\t\t\t<div class=\"wc-block-grid__product-image\"><img decoding=\"async\" width=\"300\" height=\"300\" src=\"https:\/\/bosfortours.com\/wp-content\/uploads\/2024\/02\/product-11-300x300.webp\" class=\"attachment-woocommerce_thumbnail size-woocommerce_thumbnail\" alt=\"Sony black headphone\" srcset=\"https:\/\/bosfortours.com\/wp-content\/uploads\/2024\/02\/product-11-300x300.webp 300w, https:\/\/bosfortours.com\/wp-content\/uploads\/2024\/02\/product-11-600x600.webp 600w, https:\/\/bosfortours.com\/wp-content\/uploads\/2024\/02\/product-11-150x150.webp 150w, https:\/\/bosfortours.com\/wp-content\/uploads\/2024\/02\/product-11-768x768.webp 768w, https:\/\/bosfortours.com\/wp-content\/uploads\/2024\/02\/product-11.webp 800w\" sizes=\"(max-width: 300px) 100vw, 300px\" \/><\/div>\n\t\t\t\t\t<div class=\"wc-block-grid__product-title\">Sony black headphone<\/div>\n\t\t\t\t<\/a>\n\t\t\t\t<div class=\"wc-block-grid__product-price price\"><del aria-hidden=\"true\"><span class=\"woocommerce-Price-amount amount\"><span class=\"woocommerce-Price-currencySymbol\">&euro;<\/span>350.00<\/span><\/del> <span class=\"screen-reader-text\" data-no-translation=\"\" data-trp-gettext=\"\">Original price was: &euro;350.00.<\/span><ins aria-hidden=\"true\"><span class=\"woocommerce-Price-amount amount\"><span class=\"woocommerce-Price-currencySymbol\">&euro;<\/span>269.00<\/span><\/ins><span class=\"screen-reader-text\" data-no-translation=\"\" data-trp-gettext=\"\">Current price is: &euro;269.00.<\/span><\/div>\n\t\t\t\t\n\t\t\t\t<div class=\"wp-block-button wc-block-grid__product-add-to-cart\"><a href=\"\/mk\/wp-json\/wp\/v2\/pages\/10?add-to-cart=1162\" aria-label=\"Add to cart: \u201cSony black headphone\u201d\" data-quantity=\"1\" data-product_id=\"1162\" data-product_sku=\"9853496\" data-price=\"269\" rel=\"nofollow\" class=\"wp-block-button__link  add_to_cart_button ajax_add_to_cart\" data-no-translation=\"\" data-trp-gettext=\"\" data-no-translation-aria-label=\"\">\u0414\u043e\u0434\u0430\u0458 \u0432\u043e \u043a\u043e\u0448\u043d\u0438\u0446\u0430<\/a><\/div>\n\t\t\t<\/li><li class=\"wc-block-grid__product\">\n\t\t\t\t<a href=\"https:\/\/bosfortours.com\/mk\/product\/desk-gift-tree\/\" class=\"wc-block-grid__product-link\">\n\t\t\t\t\t\n\t\t\t\t\t<div class=\"wc-block-grid__product-image\"><img decoding=\"async\" width=\"300\" height=\"300\" src=\"https:\/\/bosfortours.com\/wp-content\/uploads\/2024\/02\/product-10-300x300.webp\" class=\"attachment-woocommerce_thumbnail size-woocommerce_thumbnail\" alt=\"Desk gift tree\" srcset=\"https:\/\/bosfortours.com\/wp-content\/uploads\/2024\/02\/product-10-300x300.webp 300w, https:\/\/bosfortours.com\/wp-content\/uploads\/2024\/02\/product-10-600x600.webp 600w, https:\/\/bosfortours.com\/wp-content\/uploads\/2024\/02\/product-10-150x150.webp 150w, https:\/\/bosfortours.com\/wp-content\/uploads\/2024\/02\/product-10-768x768.webp 768w, https:\/\/bosfortours.com\/wp-content\/uploads\/2024\/02\/product-10.webp 800w\" sizes=\"(max-width: 300px) 100vw, 300px\" \/><\/div>\n\t\t\t\t\t<div class=\"wc-block-grid__product-title\">Desk gift tree<\/div>\n\t\t\t\t<\/a>\n\t\t\t\t<div class=\"wc-block-grid__product-price price\"><span class=\"woocommerce-Price-amount amount\"><span class=\"woocommerce-Price-currencySymbol\">&euro;<\/span>320.00<\/span><\/div>\n\t\t\t\t\n\t\t\t\t<div class=\"wp-block-button wc-block-grid__product-add-to-cart\"><a href=\"\/mk\/wp-json\/wp\/v2\/pages\/10?add-to-cart=1161\" aria-label=\"Add to cart: \u201cDesk gift tree\u201d\" data-quantity=\"1\" data-product_id=\"1161\" data-product_sku=\"9854768\" data-price=\"320\" rel=\"nofollow\" class=\"wp-block-button__link  add_to_cart_button ajax_add_to_cart\" data-no-translation=\"\" data-trp-gettext=\"\" data-no-translation-aria-label=\"\">\u0414\u043e\u0434\u0430\u0458 \u0432\u043e \u043a\u043e\u0448\u043d\u0438\u0446\u0430<\/a><\/div>\n\t\t\t<\/li><li class=\"wc-block-grid__product\">\n\t\t\t\t<a href=\"https:\/\/bosfortours.com\/mk\/product\/perfume-red-diamond\/\" class=\"wc-block-grid__product-link\">\n\t\t\t\t\t<div class=\"wc-block-grid__product-onsale\">\n\t\t\t<span aria-hidden=\"true\" data-no-translation=\"\" data-trp-gettext=\"\">\u041a\u0443\u043f\u0438<\/span>\n\t\t\t<span class=\"screen-reader-text\" data-no-translation=\"\" data-trp-gettext=\"\">\u041f\u0440\u043e\u0434\u0443\u043a\u0442 \u043d\u0430 \u043f\u043e\u043f\u0443\u0441\u0442<\/span>\n\t\t<\/div>\n\t\t\t\t\t<div class=\"wc-block-grid__product-image\"><img loading=\"lazy\" decoding=\"async\" width=\"300\" height=\"300\" src=\"https:\/\/bosfortours.com\/wp-content\/uploads\/2024\/02\/product-8-300x300.webp\" class=\"attachment-woocommerce_thumbnail size-woocommerce_thumbnail\" alt=\"Perfume red diamond\" srcset=\"https:\/\/bosfortours.com\/wp-content\/uploads\/2024\/02\/product-8-300x300.webp 300w, https:\/\/bosfortours.com\/wp-content\/uploads\/2024\/02\/product-8-600x600.webp 600w, https:\/\/bosfortours.com\/wp-content\/uploads\/2024\/02\/product-8-150x150.webp 150w, https:\/\/bosfortours.com\/wp-content\/uploads\/2024\/02\/product-8-768x768.webp 768w, https:\/\/bosfortours.com\/wp-content\/uploads\/2024\/02\/product-8.webp 800w\" sizes=\"(max-width: 300px) 100vw, 300px\" \/><\/div>\n\t\t\t\t\t<div class=\"wc-block-grid__product-title\">Perfume red diamond<\/div>\n\t\t\t\t<\/a>\n\t\t\t\t<div class=\"wc-block-grid__product-price price\"><del aria-hidden=\"true\"><span class=\"woocommerce-Price-amount amount\"><span class=\"woocommerce-Price-currencySymbol\">&euro;<\/span>160.00<\/span><\/del> <span class=\"screen-reader-text\" data-no-translation=\"\" data-trp-gettext=\"\">Original price was: &euro;160.00.<\/span><ins aria-hidden=\"true\"><span class=\"woocommerce-Price-amount amount\"><span class=\"woocommerce-Price-currencySymbol\">&euro;<\/span>110.00<\/span><\/ins><span class=\"screen-reader-text\" data-no-translation=\"\" data-trp-gettext=\"\">Current price is: &euro;110.00.<\/span><\/div>\n\t\t\t\t\n\t\t\t\t<div class=\"wp-block-button wc-block-grid__product-add-to-cart\"><a href=\"\/mk\/wp-json\/wp\/v2\/pages\/10?add-to-cart=1160\" aria-label=\"Add to cart: \u201cPerfume red diamond\u201d\" data-quantity=\"1\" data-product_id=\"1160\" data-product_sku=\"9853495\" data-price=\"110\" rel=\"nofollow\" class=\"wp-block-button__link  add_to_cart_button ajax_add_to_cart\" data-no-translation=\"\" data-trp-gettext=\"\" data-no-translation-aria-label=\"\">\u0414\u043e\u0434\u0430\u0458 \u0432\u043e \u043a\u043e\u0448\u043d\u0438\u0446\u0430<\/a><\/div>\n\t\t\t<\/li><\/ul><\/div><\/div>\n<\/div>","protected":false},"excerpt":{"rendered":"","protected":false},"author":2,"featured_media":0,"parent":0,"menu_order":0,"comment_status":"closed","ping_status":"closed","template":"","meta":{"inline_featured_image":false,"footnotes":""},"class_list":["post-10","page","type-page","status-publish","hentry"],"_links":{"self":[{"href":"https:\/\/bosfortours.com\/mk\/wp-json\/wp\/v2\/pages\/10","targetHints":{"allow":["GET"]}}],"collection":[{"href":"https:\/\/bosfortours.com\/mk\/wp-json\/wp\/v2\/pages"}],"about":[{"href":"https:\/\/bosfortours.com\/mk\/wp-json\/wp\/v2\/types\/page"}],"author":[{"embeddable":true,"href":"https:\/\/bosfortours.com\/mk\/wp-json\/wp\/v2\/users\/2"}],"replies":[{"embeddable":true,"href":"https:\/\/bosfortours.com\/mk\/wp-json\/wp\/v2\/comments?post=10"}],"version-history":[{"count":4,"href":"https:\/\/bosfortours.com\/mk\/wp-json\/wp\/v2\/pages\/10\/revisions"}],"predecessor-version":[{"id":2987,"href":"https:\/\/bosfortours.com\/mk\/wp-json\/wp\/v2\/pages\/10\/revisions\/2987"}],"wp:attachment":[{"href":"https:\/\/bosfortours.com\/mk\/wp-json\/wp\/v2\/media?parent=10"}],"curies":[{"name":"wp","href":"https:\/\/api.w.org\/{rel}","templated":true}]}}